{"id":71,"date":"2015-08-10T05:51:00","date_gmt":"2015-08-10T05:51:00","guid":{"rendered":"http:\/\/grupomexica.com\/?page_id=71"},"modified":"2021-08-31T21:07:45","modified_gmt":"2021-08-31T21:07:45","slug":"pensamiento-sistemico-y-la-quinta-disciplina","status":"publish","type":"page","link":"https:\/\/www.grupomexica.com\/wp\/pensamiento-sistemico-y-la-quinta-disciplina\/","title":{"rendered":"PENSAMIENTO SIST\u00c9MICO Y LA QUINTA DISCIPLINA"},"content":{"rendered":"<h2><img fetchpriority=\"high\" decoding=\"async\" class=\"alignleft wp-image-2308\" src=\"http:\/\/www.grupomexica.com\/wp\/wp-content\/uploads\/2021\/08\/PENSAMIENTO-SISTEMICO-Y-LA-QUINTA-DISCIPLINA-300x251.png\" alt=\"\" width=\"400\" height=\"335\" srcset=\"https:\/\/www.grupomexica.com\/wp\/wp-content\/uploads\/2021\/08\/PENSAMIENTO-SISTEMICO-Y-LA-QUINTA-DISCIPLINA-300x251.png 300w, https:\/\/www.grupomexica.com\/wp\/wp-content\/uploads\/2021\/08\/PENSAMIENTO-SISTEMICO-Y-LA-QUINTA-DISCIPLINA-768x644.png 768w, https:\/\/www.grupomexica.com\/wp\/wp-content\/uploads\/2021\/08\/PENSAMIENTO-SISTEMICO-Y-LA-QUINTA-DISCIPLINA-700x587.png 700w, https:\/\/www.grupomexica.com\/wp\/wp-content\/uploads\/2021\/08\/PENSAMIENTO-SISTEMICO-Y-LA-QUINTA-DISCIPLINA.png 940w\" sizes=\"(max-width: 400px) 100vw, 400px\" \/><\/h2>\n<h2><span style=\"font-family: 'book antiqua', palatino, serif;\">Objetivo:<\/span><\/h2>\n<p style=\"text-align: justify;\"><span style=\"font-size: 14pt; font-family: helvetica, arial, sans-serif;\">Conocer y entender a trav\u00e9s del an\u00e1lisis c\u00f3mo funciona el pensamiento Sist\u00e9mico y como puede llevarse a la pr\u00e1ctica a trav\u00e9s del proceso completo de la \u201cretroalimentaci\u00f3n&#8221; que muestra como los actos pueden ser recurrentes en nuestros pensamientos y pr\u00e1cticas seg\u00fan las leyes de la 5<\/span><span style=\"font-family: helvetica, arial, sans-serif;\"><sup><span style=\"font-size: 8pt;\">TA<\/span><\/sup><\/span><span style=\"font-size: 14pt; font-family: helvetica, arial, sans-serif;\">\u00a0Disciplina.<\/span><\/p>\n<h2><span style=\"font-family: 'book antiqua', palatino, serif;\">Temario:<\/span><\/h2>\n<ul>\n<li><span style=\"font-family: helvetica, arial, sans-serif; font-size: 14pt;\">Pensamiento Sist\u00e9mico y los sistemas organizacionales<\/span><\/li>\n<li><span style=\"font-family: helvetica, arial, sans-serif; font-size: 14pt;\">Leyes de la quinta disciplina<\/span><\/li>\n<li><span style=\"font-family: helvetica, arial, sans-serif; font-size: 14pt;\">Configuraciones naturales: patrones que controlan el acontecimiento<\/span><\/li>\n<li><span style=\"font-family: helvetica, arial, sans-serif; font-size: 14pt;\">Estrategias para el pensamiento sist\u00e9mico<\/span><\/li>\n<li><span style=\"font-family: helvetica, arial, sans-serif; font-size: 14pt;\">El pensamiento sist\u00e9mico<\/span><\/li>\n<li><span style=\"font-family: helvetica, arial, sans-serif; font-size: 14pt;\">La concepci\u00f3n de estrategias: la intenci\u00f3n de la estrategia y las competencias cr\u00edticas<\/span><\/li>\n<li><span style=\"font-family: helvetica, arial, sans-serif; font-size: 14pt;\">Aplicaciones Organizacionales (ejercicio individual)<\/span><\/li>\n<\/ul>\n<div class=\"table-container\">\n<table width=\"700px\">\n<tbody>\n<tr>\n<th style=\"text-align: right; width: 213px;\"><span style=\"font-family: helvetica, arial, sans-serif; font-size: 14pt;\"><strong>Dirigido a:<\/strong><\/span><\/th>\n<th style=\"text-align: left; padding-left: 30px; width: 417px;\">\n<div><span style=\"font-family: helvetica, arial, sans-serif; font-size: 14pt;\">Supervisores<\/span><\/div>\n<div><span style=\"font-family: helvetica, arial, sans-serif; font-size: 14pt;\">Gerentes<\/span><\/div>\n<div><span style=\"font-family: helvetica, arial, sans-serif; font-size: 14pt;\">Propietarios<\/span><\/div>\n<div><span style=\"font-family: helvetica, arial, sans-serif; font-size: 14pt;\">Jefes<\/span><\/div>\n<\/th>\n<\/tr>\n<tr>\n<td style=\"text-align: right; width: 213px;\"><span style=\"font-family: helvetica, arial, sans-serif; font-size: 14pt;\"><strong>Duraci\u00f3n:<\/strong><\/span><\/td>\n<td style=\"text-align: left; padding-left: 30px; width: 417px;\"><span style=\"font-family: helvetica, arial, sans-serif; font-size: 14pt;\">12 Horas<\/span><\/td>\n<\/tr>\n<tr>\n<td style=\"text-align: right; width: 213px;\"><span style=\"font-family: helvetica, arial, sans-serif; font-size: 14pt;\"><strong>Incluye:<\/strong><\/span><\/td>\n<td style=\"text-align: left; padding-left: 30px; width: 417px;\">\n<div><span style=\"font-family: helvetica, arial, sans-serif; font-size: 14pt;\">Material del Participante<\/span><\/div>\n<div><span style=\"font-family: helvetica, arial, sans-serif; font-size: 14pt;\">Diplomas<\/span><\/div>\n<div><span style=\"font-family: helvetica, arial, sans-serif; font-size: 14pt;\">Constancias de Habilidades Laborales<\/span><\/div>\n<\/td>\n<\/tr>\n<\/tbody>\n<\/table>\n<\/div>\n<h2 style=\"text-align: center;\"><img decoding=\"async\" class=\"wp-image-1110 alignnone\" src=\"http:\/\/grupomexica.com\/wp\/wp-content\/uploads\/2016\/10\/cropped-LOGO-300x81.png\" alt=\"\" width=\"326\" height=\"88\" srcset=\"https:\/\/www.grupomexica.com\/wp\/wp-content\/uploads\/2016\/10\/cropped-LOGO-300x81.png 300w, https:\/\/www.grupomexica.com\/wp\/wp-content\/uploads\/2016\/10\/cropped-LOGO-768x206.png 768w, https:\/\/www.grupomexica.com\/wp\/wp-content\/uploads\/2016\/10\/cropped-LOGO-700x188.png 700w, https:\/\/www.grupomexica.com\/wp\/wp-content\/uploads\/2016\/10\/cropped-LOGO-332x89.png 332w, https:\/\/www.grupomexica.com\/wp\/wp-content\/uploads\/2016\/10\/cropped-LOGO.png 875w\" sizes=\"(max-width: 326px) 100vw, 326px\" \/><\/h2>\n<div class=\"table-container\">\n<table width=\"700px\">\n<tbody>\n<tr>\n<th style=\"text-align: right; width: 213px;\"><span style=\"font-family: helvetica, arial, sans-serif; font-size: 14pt;\"><strong>Lugar:<\/strong><\/span><\/th>\n<th style=\"text-align: left; padding-left: 30px; width: 417px;\"><span style=\"font-family: helvetica, arial, sans-serif; font-size: 14pt;\">Puerto Vallarta, Jalisco<\/span><\/th>\n<\/tr>\n<tr>\n<td style=\"text-align: right; width: 213px;\"><span style=\"font-family: helvetica, arial, sans-serif; font-size: 14pt;\"><strong>Tel\u00e9fonos:<\/strong><\/span><\/td>\n<td style=\"text-align: left; padding-left: 30px; width: 417px;\">\n<div><span style=\"font-family: helvetica, arial, sans-serif; font-size: 14pt;\"> Celular 322 150 7534<\/span><\/div>\n<\/td>\n<\/tr>\n<tr>\n<td style=\"text-align: right; width: 213px;\"><span style=\"font-family: helvetica, arial, sans-serif; font-size: 14pt;\"><strong>Correos:<\/strong><\/span><\/td>\n<td style=\"text-align: left; padding-left: 30px; width: 417px;\">\n<div><span style=\"font-family: helvetica, arial, sans-serif; font-size: 14pt;\"> info@grupomexica.com<\/span><\/div>\n<div><span style=\"font-family: helvetica, arial, sans-serif; font-size: 14pt;\">contacto@grupomexica.com\u00a0<\/span><\/div>\n<\/td>\n<\/tr>\n<\/tbody>\n<\/table>\n<\/div>\n<p style=\"text-align: center;\"><span style=\"font-family: 'book antiqua', palatino, serif; font-size: 12pt;\"><strong>&#8220;Las Oportunidades Peque\u00f1as son el Principio de las Grandes Empresas&#8221;<\/strong><\/span><\/p>\n","protected":false},"excerpt":{"rendered":"<p>Objetivo: Conocer y entender a trav\u00e9s del an\u00e1lisis c\u00f3mo funciona el pensamiento Sist\u00e9mico y como puede llevarse a la pr\u00e1ctica a trav\u00e9s del proceso completo de la \u201cretroalimentaci\u00f3n&#8221; que muestra como los actos pueden ser recurrentes en nuestros pensamientos y pr\u00e1cticas seg\u00fan las leyes de la 5TA\u00a0Disciplina. Temario: Pensamiento Sist\u00e9mico y los sistemas organizacionales Leyes de la quinta disciplina Configuraciones naturales: patrones que controlan el acontecimiento Estrategias para el pensamiento sist\u00e9mico El pensamiento sist\u00e9mico La concepci\u00f3n de estrategias: la intenci\u00f3n de la estrategia y las competencias cr\u00edticas Aplicaciones Organizacionales (ejercicio individual) Dirigido a: Supervisores Gerentes Propietarios Jefes Duraci\u00f3n: 12 Horas Incluye: Material del Participante Diplomas Constancias de Habilidades Laborales Lugar: Puerto Vallarta, Jalisco Tel\u00e9fonos: Celular 322 150 7534 Correos: info@grupomexica.com contacto@grupomexica.com\u00a0 &#8220;Las Oportunidades Peque\u00f1as son el Principio de las Grandes Empresas&#8221;<\/p>\n","protected":false},"author":1,"featured_media":2308,"parent":0,"menu_order":0,"comment_status":"open","ping_status":"open","template":"","meta":{"footnotes":""},"class_list":["post-71","page","type-page","status-publish","has-post-thumbnail","hentry"],"_links":{"self":[{"href":"https:\/\/www.grupomexica.com\/wp\/wp-json\/wp\/v2\/pages\/71"}],"collection":[{"href":"https:\/\/www.grupomexica.com\/wp\/wp-json\/wp\/v2\/pages"}],"about":[{"href":"https:\/\/www.grupomexica.com\/wp\/wp-json\/wp\/v2\/types\/page"}],"author":[{"embeddable":true,"href":"https:\/\/www.grupomexica.com\/wp\/wp-json\/wp\/v2\/users\/1"}],"replies":[{"embeddable":true,"href":"https:\/\/www.grupomexica.com\/wp\/wp-json\/wp\/v2\/comments?post=71"}],"version-history":[{"count":19,"href":"https:\/\/www.grupomexica.com\/wp\/wp-json\/wp\/v2\/pages\/71\/revisions"}],"predecessor-version":[{"id":2310,"href":"https:\/\/www.grupomexica.com\/wp\/wp-json\/wp\/v2\/pages\/71\/revisions\/2310"}],"wp:featuredmedia":[{"embeddable":true,"href":"https:\/\/www.grupomexica.com\/wp\/wp-json\/wp\/v2\/media\/2308"}],"wp:attachment":[{"href":"https:\/\/www.grupomexica.com\/wp\/wp-json\/wp\/v2\/media?parent=71"}],"curies":[{"name":"wp","href":"https:\/\/api.w.org\/{rel}","templated":true}]}}